{"id":6,"date":"2026-01-15T13:56:54","date_gmt":"2026-01-15T12:56:54","guid":{"rendered":"https:\/\/wp03.btsndrc-ifce.fr\/?page_id=6"},"modified":"2026-01-15T15:52:53","modified_gmt":"2026-01-15T14:52:53","slug":"accueil","status":"publish","type":"page","link":"https:\/\/wp03.btsndrc-ifce.fr\/?page_id=6","title":{"rendered":"Accueil"},"content":{"rendered":"\n<h2 class=\"wp-block-heading\">Brehmer<\/h2>\n\n\n\n<div class=\"wp-block-buttons is-layout-flex wp-block-buttons-is-layout-flex\" style=\"padding-top:0;padding-bottom:0\">\n<div class=\"wp-block-button\"><a class=\"wp-block-button__link wp-element-button\">Contactez-nous<\/a><\/div>\n<\/div>\n\n\n\n<div class=\"wp-block-columns is-layout-flex wp-container-core-columns-is-layout-28f84493 wp-block-columns-is-layout-flex\">\n<div class=\"wp-block-column is-layout-flow wp-block-column-is-layout-flow\">\n<figure class=\"wp-block-image size-full\"><img loading=\"lazy\" decoding=\"async\" width=\"334\" height=\"437\" src=\"https:\/\/wp03.btsndrc-ifce.fr\/wp-content\/uploads\/2026\/01\/image-1.png\" alt=\"\" class=\"wp-image-14\" srcset=\"https:\/\/wp03.btsndrc-ifce.fr\/wp-content\/uploads\/2026\/01\/image-1.png 334w, https:\/\/wp03.btsndrc-ifce.fr\/wp-content\/uploads\/2026\/01\/image-1-229x300.png 229w\" sizes=\"auto, (max-width: 334px) 100vw, 334px\" \/><\/figure>\n\n\n\n<figure class=\"wp-block-image size-full\"><img loading=\"lazy\" decoding=\"async\" width=\"447\" height=\"506\" src=\"https:\/\/wp03.btsndrc-ifce.fr\/wp-content\/uploads\/2026\/01\/image.png\" alt=\"\" class=\"wp-image-13\" srcset=\"https:\/\/wp03.btsndrc-ifce.fr\/wp-content\/uploads\/2026\/01\/image.png 447w, https:\/\/wp03.btsndrc-ifce.fr\/wp-content\/uploads\/2026\/01\/image-265x300.png 265w\" sizes=\"auto, (max-width: 447px) 100vw, 447px\" \/><\/figure>\n<\/div>\n\n\n\n<div class=\"wp-block-column is-layout-flow wp-block-column-is-layout-flow\">\n<p>Depuis plus de 47 ans, <strong>Brehmer<\/strong> accompagne les professionnels des m\u00e9tiers de bouche avec une offre solide en \u00e9quipements fiables, un service client de proximit\u00e9 et une expertise terrain reconnue.<\/p>\n\n\n\n<p>Implant\u00e9e \u00e0 Souffelweyersheim, en Alsace, l\u2019entreprise s\u2019est construite sur des valeurs simples : la r\u00e9activit\u00e9, le conseil personnalis\u00e9, et une connaissance fine des besoins des boulangers, p\u00e2tissiers, restaurateurs et traiteurs.<\/p>\n\n\n\n<p>De la s\u00e9lection produit \u00e0 la livraison, en passant par l\u2019installation ou le SAV, l\u2019\u00e9quipe Brehmer reste \u00e0 vos c\u00f4t\u00e9s \u00e0 chaque \u00e9tape.<\/p>\n<\/div>\n<\/div>\n\n\n\n<h2 class=\"wp-block-heading\">Nos catalogues<\/h2>\n\n\n\n<div class=\"wp-block-columns is-layout-flex wp-container-core-columns-is-layout-28f84493 wp-block-columns-is-layout-flex\">\n<div class=\"wp-block-column is-layout-flow wp-block-column-is-layout-flow\">\n<figure class=\"wp-block-image size-full\"><img loading=\"lazy\" decoding=\"async\" width=\"449\" height=\"558\" src=\"https:\/\/wp03.btsndrc-ifce.fr\/wp-content\/uploads\/2026\/01\/image-2.png\" alt=\"\" class=\"wp-image-20\" srcset=\"https:\/\/wp03.btsndrc-ifce.fr\/wp-content\/uploads\/2026\/01\/image-2.png 449w, https:\/\/wp03.btsndrc-ifce.fr\/wp-content\/uploads\/2026\/01\/image-2-241x300.png 241w\" sizes=\"auto, (max-width: 449px) 100vw, 449px\" \/><\/figure>\n<\/div>\n\n\n\n<div class=\"wp-block-column is-layout-flow wp-block-column-is-layout-flow\">\n<figure class=\"wp-block-image size-full\"><img loading=\"lazy\" decoding=\"async\" width=\"448\" height=\"560\" src=\"https:\/\/wp03.btsndrc-ifce.fr\/wp-content\/uploads\/2026\/01\/image-3.png\" alt=\"\" class=\"wp-image-21\" srcset=\"https:\/\/wp03.btsndrc-ifce.fr\/wp-content\/uploads\/2026\/01\/image-3.png 448w, https:\/\/wp03.btsndrc-ifce.fr\/wp-content\/uploads\/2026\/01\/image-3-240x300.png 240w\" sizes=\"auto, (max-width: 448px) 100vw, 448px\" \/><\/figure>\n<\/div>\n\n\n\n<div class=\"wp-block-column is-layout-flow wp-block-column-is-layout-flow\">\n<figure class=\"wp-block-image size-full\"><img loading=\"lazy\" decoding=\"async\" width=\"448\" height=\"559\" src=\"https:\/\/wp03.btsndrc-ifce.fr\/wp-content\/uploads\/2026\/01\/image-4.png\" alt=\"\" class=\"wp-image-22\" srcset=\"https:\/\/wp03.btsndrc-ifce.fr\/wp-content\/uploads\/2026\/01\/image-4.png 448w, https:\/\/wp03.btsndrc-ifce.fr\/wp-content\/uploads\/2026\/01\/image-4-240x300.png 240w\" sizes=\"auto, (max-width: 448px) 100vw, 448px\" \/><\/figure>\n<\/div>\n<\/div>\n\n\n\n<div class=\"wp-block-columns is-layout-flex wp-container-core-columns-is-layout-28f84493 wp-block-columns-is-layout-flex\">\n<div class=\"wp-block-column is-layout-flow wp-block-column-is-layout-flow\">\n<figure class=\"wp-block-image size-full\"><img loading=\"lazy\" decoding=\"async\" width=\"451\" height=\"557\" src=\"https:\/\/wp03.btsndrc-ifce.fr\/wp-content\/uploads\/2026\/01\/image-5.png\" alt=\"\" class=\"wp-image-23\" srcset=\"https:\/\/wp03.btsndrc-ifce.fr\/wp-content\/uploads\/2026\/01\/image-5.png 451w, https:\/\/wp03.btsndrc-ifce.fr\/wp-content\/uploads\/2026\/01\/image-5-243x300.png 243w\" sizes=\"auto, (max-width: 451px) 100vw, 451px\" \/><\/figure>\n<\/div>\n\n\n\n<div class=\"wp-block-column is-layout-flow wp-block-column-is-layout-flow\">\n<figure class=\"wp-block-image size-full\"><img loading=\"lazy\" decoding=\"async\" width=\"448\" height=\"561\" src=\"https:\/\/wp03.btsndrc-ifce.fr\/wp-content\/uploads\/2026\/01\/image-6.png\" alt=\"\" class=\"wp-image-24\" srcset=\"https:\/\/wp03.btsndrc-ifce.fr\/wp-content\/uploads\/2026\/01\/image-6.png 448w, https:\/\/wp03.btsndrc-ifce.fr\/wp-content\/uploads\/2026\/01\/image-6-240x300.png 240w\" sizes=\"auto, (max-width: 448px) 100vw, 448px\" \/><\/figure>\n<\/div>\n<\/div>\n\n\n\n<div class=\"wp-block-cover has-custom-content-position is-position-top-center wp-duotone-rgb5735145-ffee58-2\"><span aria-hidden=\"true\" class=\"wp-block-cover__background has-accent-4-background-color has-background-dim-100 has-background-dim\"><\/span><div class=\"wp-block-cover__inner-container has-global-padding is-layout-constrained wp-block-cover-is-layout-constrained\">\n<p class=\"has-text-align-center is-style-default has-large-font-size\">Nos promotions<\/p>\n\n\n\n<div class=\"wp-block-columns is-layout-flex wp-container-core-columns-is-layout-28f84493 wp-block-columns-is-layout-flex\">\n<div class=\"wp-block-column is-layout-flow wp-block-column-is-layout-flow\">\n<figure class=\"wp-block-gallery has-nested-images columns-default is-cropped wp-block-gallery-1 is-layout-flex wp-block-gallery-is-layout-flex\">\n<figure class=\"wp-block-image size-large\"><img loading=\"lazy\" decoding=\"async\" width=\"724\" height=\"1024\" data-id=\"42\" src=\"https:\/\/wp03.btsndrc-ifce.fr\/wp-content\/uploads\/2026\/01\/Brehmer_promotion_friteuse_beignet_30L_sursocle-724x1024.jpg\" alt=\"\" class=\"wp-image-42\" srcset=\"https:\/\/wp03.btsndrc-ifce.fr\/wp-content\/uploads\/2026\/01\/Brehmer_promotion_friteuse_beignet_30L_sursocle-724x1024.jpg 724w, https:\/\/wp03.btsndrc-ifce.fr\/wp-content\/uploads\/2026\/01\/Brehmer_promotion_friteuse_beignet_30L_sursocle-212x300.jpg 212w, https:\/\/wp03.btsndrc-ifce.fr\/wp-content\/uploads\/2026\/01\/Brehmer_promotion_friteuse_beignet_30L_sursocle-768x1086.jpg 768w, https:\/\/wp03.btsndrc-ifce.fr\/wp-content\/uploads\/2026\/01\/Brehmer_promotion_friteuse_beignet_30L_sursocle-1086x1536.jpg 1086w, https:\/\/wp03.btsndrc-ifce.fr\/wp-content\/uploads\/2026\/01\/Brehmer_promotion_friteuse_beignet_30L_sursocle.jpg 1240w\" sizes=\"auto, (max-width: 724px) 100vw, 724px\" \/><\/figure>\n<\/figure>\n\n\n\n<figure class=\"wp-block-image size-large\"><img loading=\"lazy\" decoding=\"async\" width=\"724\" height=\"1024\" src=\"https:\/\/wp03.btsndrc-ifce.fr\/wp-content\/uploads\/2026\/01\/Brehmer_promotion_friteuse_beignet_30L-724x1024.jpg\" alt=\"\" class=\"wp-image-40\" srcset=\"https:\/\/wp03.btsndrc-ifce.fr\/wp-content\/uploads\/2026\/01\/Brehmer_promotion_friteuse_beignet_30L-724x1024.jpg 724w, https:\/\/wp03.btsndrc-ifce.fr\/wp-content\/uploads\/2026\/01\/Brehmer_promotion_friteuse_beignet_30L-212x300.jpg 212w, https:\/\/wp03.btsndrc-ifce.fr\/wp-content\/uploads\/2026\/01\/Brehmer_promotion_friteuse_beignet_30L-768x1086.jpg 768w, https:\/\/wp03.btsndrc-ifce.fr\/wp-content\/uploads\/2026\/01\/Brehmer_promotion_friteuse_beignet_30L-1086x1536.jpg 1086w, https:\/\/wp03.btsndrc-ifce.fr\/wp-content\/uploads\/2026\/01\/Brehmer_promotion_friteuse_beignet_30L.jpg 1240w\" sizes=\"auto, (max-width: 724px) 100vw, 724px\" \/><\/figure>\n<\/div>\n\n\n\n<div class=\"wp-block-column is-layout-flow wp-block-column-is-layout-flow\">\n<figure class=\"wp-block-image size-large\"><img loading=\"lazy\" decoding=\"async\" width=\"724\" height=\"1024\" src=\"https:\/\/wp03.btsndrc-ifce.fr\/wp-content\/uploads\/2026\/01\/Brehmer_promotion_four_microonde-724x1024.jpg\" alt=\"\" class=\"wp-image-36\" style=\"aspect-ratio:0.7070653612066684\" srcset=\"https:\/\/wp03.btsndrc-ifce.fr\/wp-content\/uploads\/2026\/01\/Brehmer_promotion_four_microonde-724x1024.jpg 724w, https:\/\/wp03.btsndrc-ifce.fr\/wp-content\/uploads\/2026\/01\/Brehmer_promotion_four_microonde-212x300.jpg 212w, https:\/\/wp03.btsndrc-ifce.fr\/wp-content\/uploads\/2026\/01\/Brehmer_promotion_four_microonde-768x1086.jpg 768w, https:\/\/wp03.btsndrc-ifce.fr\/wp-content\/uploads\/2026\/01\/Brehmer_promotion_four_microonde-1086x1536.jpg 1086w, https:\/\/wp03.btsndrc-ifce.fr\/wp-content\/uploads\/2026\/01\/Brehmer_promotion_four_microonde.jpg 1240w\" sizes=\"auto, (max-width: 724px) 100vw, 724px\" \/><\/figure>\n\n\n\n<figure class=\"wp-block-image size-large\"><img loading=\"lazy\" decoding=\"async\" width=\"724\" height=\"1024\" src=\"https:\/\/wp03.btsndrc-ifce.fr\/wp-content\/uploads\/2026\/01\/Brehmer_promotion_gabarit_STAUB-724x1024.jpg\" alt=\"\" class=\"wp-image-38\" style=\"aspect-ratio:0.7070653612066684\" srcset=\"https:\/\/wp03.btsndrc-ifce.fr\/wp-content\/uploads\/2026\/01\/Brehmer_promotion_gabarit_STAUB-724x1024.jpg 724w, https:\/\/wp03.btsndrc-ifce.fr\/wp-content\/uploads\/2026\/01\/Brehmer_promotion_gabarit_STAUB-212x300.jpg 212w, https:\/\/wp03.btsndrc-ifce.fr\/wp-content\/uploads\/2026\/01\/Brehmer_promotion_gabarit_STAUB-768x1086.jpg 768w, https:\/\/wp03.btsndrc-ifce.fr\/wp-content\/uploads\/2026\/01\/Brehmer_promotion_gabarit_STAUB-1086x1536.jpg 1086w, https:\/\/wp03.btsndrc-ifce.fr\/wp-content\/uploads\/2026\/01\/Brehmer_promotion_gabarit_STAUB-1448x2048.jpg 1448w, https:\/\/wp03.btsndrc-ifce.fr\/wp-content\/uploads\/2026\/01\/Brehmer_promotion_gabarit_STAUB-scaled.jpg 1810w\" sizes=\"auto, (max-width: 724px) 100vw, 724px\" \/><\/figure>\n<\/div>\n\n\n\n<div class=\"wp-block-column is-layout-flow wp-block-column-is-layout-flow\">\n<figure class=\"wp-block-image size-large\"><img loading=\"lazy\" decoding=\"async\" width=\"724\" height=\"1024\" src=\"https:\/\/wp03.btsndrc-ifce.fr\/wp-content\/uploads\/2026\/01\/Brehmer_promotion_cadeau-724x1024.jpg\" alt=\"\" class=\"wp-image-34\" style=\"aspect-ratio:0.7070653612066684\" srcset=\"https:\/\/wp03.btsndrc-ifce.fr\/wp-content\/uploads\/2026\/01\/Brehmer_promotion_cadeau-724x1024.jpg 724w, https:\/\/wp03.btsndrc-ifce.fr\/wp-content\/uploads\/2026\/01\/Brehmer_promotion_cadeau-212x300.jpg 212w, https:\/\/wp03.btsndrc-ifce.fr\/wp-content\/uploads\/2026\/01\/Brehmer_promotion_cadeau-768x1086.jpg 768w, https:\/\/wp03.btsndrc-ifce.fr\/wp-content\/uploads\/2026\/01\/Brehmer_promotion_cadeau.jpg 827w\" sizes=\"auto, (max-width: 724px) 100vw, 724px\" \/><\/figure>\n\n\n\n<figure class=\"wp-block-image size-large\"><img loading=\"lazy\" decoding=\"async\" width=\"595\" height=\"842\" src=\"https:\/\/wp03.btsndrc-ifce.fr\/wp-content\/uploads\/2026\/01\/Brehmer_promotion_moule.jpg\" alt=\"\" class=\"wp-image-31\" style=\"aspect-ratio:0.7066913514943137\" srcset=\"https:\/\/wp03.btsndrc-ifce.fr\/wp-content\/uploads\/2026\/01\/Brehmer_promotion_moule.jpg 595w, https:\/\/wp03.btsndrc-ifce.fr\/wp-content\/uploads\/2026\/01\/Brehmer_promotion_moule-212x300.jpg 212w\" sizes=\"auto, (max-width: 595px) 100vw, 595px\" \/><\/figure>\n<\/div>\n<\/div>\n<\/div><\/div>\n\n\n\n<p><\/p>\n","protected":false},"excerpt":{"rendered":"<p>Brehmer Depuis plus de 47 ans, Brehmer accompagne les professionnels des m\u00e9tiers de bouche avec une offre solide en \u00e9quipements fiables, un service client de proximit\u00e9 et une expertise terrain reconnue. Implant\u00e9e \u00e0 Souffelweyersheim, en Alsace, l\u2019entreprise s\u2019est construite sur des valeurs simples : la r\u00e9activit\u00e9, le conseil personnalis\u00e9, et une connaissance fine des besoins [&hellip;]<\/p>\n","protected":false},"author":1,"featured_media":0,"parent":0,"menu_order":0,"comment_status":"closed","ping_status":"closed","template":"","meta":{"footnotes":""},"class_list":["post-6","page","type-page","status-publish","hentry"],"_links":{"self":[{"href":"https:\/\/wp03.btsndrc-ifce.fr\/index.php?rest_route=\/wp\/v2\/pages\/6","targetHints":{"allow":["GET"]}}],"collection":[{"href":"https:\/\/wp03.btsndrc-ifce.fr\/index.php?rest_route=\/wp\/v2\/pages"}],"about":[{"href":"https:\/\/wp03.btsndrc-ifce.fr\/index.php?rest_route=\/wp\/v2\/types\/page"}],"author":[{"embeddable":true,"href":"https:\/\/wp03.btsndrc-ifce.fr\/index.php?rest_route=\/wp\/v2\/users\/1"}],"replies":[{"embeddable":true,"href":"https:\/\/wp03.btsndrc-ifce.fr\/index.php?rest_route=%2Fwp%2Fv2%2Fcomments&post=6"}],"version-history":[{"count":9,"href":"https:\/\/wp03.btsndrc-ifce.fr\/index.php?rest_route=\/wp\/v2\/pages\/6\/revisions"}],"predecessor-version":[{"id":45,"href":"https:\/\/wp03.btsndrc-ifce.fr\/index.php?rest_route=\/wp\/v2\/pages\/6\/revisions\/45"}],"wp:attachment":[{"href":"https:\/\/wp03.btsndrc-ifce.fr\/index.php?rest_route=%2Fwp%2Fv2%2Fmedia&parent=6"}],"curies":[{"name":"wp","href":"https:\/\/api.w.org\/{rel}","templated":true}]}}