{"id":46,"date":"2026-01-22T13:43:30","date_gmt":"2026-01-22T12:43:30","guid":{"rendered":"https:\/\/wp03.btsndrc-ifce.fr\/?page_id=46"},"modified":"2026-01-23T08:10:21","modified_gmt":"2026-01-23T07:10:21","slug":"exercice-1","status":"publish","type":"page","link":"https:\/\/wp03.btsndrc-ifce.fr\/?page_id=46","title":{"rendered":"Exercice 1"},"content":{"rendered":"\n<h2 class=\"wp-block-heading\">Introduction<\/h2>\n\n\n\n<p class=\"is-style-default\">Bienvenue sur cette page mod\u00e8le. elle repr\u00e9sente les blocs essentiels \u00e0 utiliser sur WordPress: titre, texte, tableaux, citations, colonnes, galeries, et ic\u00f4nes<\/p>\n\n\n\n<blockquote class=\"wp-block-quote is-layout-flow wp-block-quote-is-layout-flow\">\n<p class=\"is-style-text-annotation has-background is-style-text-annotation--1\" style=\"background-color:#cdcdcd\">&#8220;<em>Une page claire, c&#8217;est une page qui guide l&#8217;utilisateur sans le faire r\u00e9fl\u00e9chir&#8221;<\/em><\/p>\n<\/blockquote>\n\n\n\n<h2 class=\"wp-block-heading\">Sous-parties<\/h2>\n\n\n\n<h3 class=\"wp-block-heading\">un sous-titre<\/h3>\n\n\n\n<hr class=\"wp-block-separator has-alpha-channel-opacity\"\/>\n\n\n\n<p>Ici, tu peux ajouter un paragraphe classique pour d\u00e9velopper une id\u00e9e, pr\u00e9senter une offre ou expliquer un processus.<\/p>\n\n\n\n<figure class=\"wp-block-table is-style-stripes has-small-font-size\"><table class=\"has-fixed-layout\"><tbody><tr><td>Element<\/td><td>Objectif<\/td><td>Exemple<\/td><\/tr><tr><td>H2<\/td><td>Structurer la page<\/td><td>&#8220;Nos services&#8221;<\/td><\/tr><tr><td>H3<\/td><td>D\u00e9tails d&#8217;une section<\/td><td>&#8220;Cr\u00e9ation de site&#8221;<\/td><\/tr><tr><td>Tableau<\/td><td>Comparer\/r\u00e9sumer<\/td><td>&#8220;Offres &amp; options<\/td><\/tr><\/tbody><\/table><\/figure>\n\n\n\n<hr class=\"wp-block-separator has-alpha-channel-opacity\"\/>\n\n\n\n<h3 class=\"wp-block-heading\">Colonnes<\/h3>\n\n\n\n<hr class=\"wp-block-separator has-alpha-channel-opacity\"\/>\n\n\n\n<div class=\"wp-block-columns is-layout-flex wp-container-core-columns-is-layout-28f84493 wp-block-columns-is-layout-flex\">\n<div class=\"wp-block-column is-layout-flow wp-block-column-is-layout-flow\">\n<figure class=\"wp-block-image size-full\"><img loading=\"lazy\" decoding=\"async\" width=\"318\" height=\"274\" src=\"https:\/\/wp03.btsndrc-ifce.fr\/wp-content\/uploads\/2026\/01\/OIP.jpg\" alt=\"\" class=\"wp-image-49\" srcset=\"https:\/\/wp03.btsndrc-ifce.fr\/wp-content\/uploads\/2026\/01\/OIP.jpg 318w, https:\/\/wp03.btsndrc-ifce.fr\/wp-content\/uploads\/2026\/01\/OIP-300x258.jpg 300w\" sizes=\"auto, (max-width: 318px) 100vw, 318px\" \/><\/figure>\n<\/div>\n\n\n\n<div class=\"wp-block-column is-layout-flow wp-block-column-is-layout-flow\" style=\"border-style:none;border-width:0px;border-top-left-radius:100px;border-top-right-radius:100px;border-bottom-left-radius:100px;border-bottom-right-radius:100px\">\n<p style=\"margin-right:-25px;margin-left:-25px;padding-top:0;padding-right:0;padding-bottom:0;padding-left:0\">Titre du bloc<\/p>\n\n\n\n<ul style=\"padding-right:0;padding-left:0\" class=\"wp-block-list is-style-default\">\n<li>Point 1<\/li>\n\n\n\n<li>Point 2<\/li>\n\n\n\n<li>Point 3<\/li>\n<\/ul>\n<\/div>\n\n\n\n<div class=\"wp-block-column is-layout-flow wp-block-column-is-layout-flow\">\n<figure class=\"wp-block-image size-full has-custom-border is-style-default\"><img loading=\"lazy\" decoding=\"async\" width=\"335\" height=\"274\" src=\"https:\/\/wp03.btsndrc-ifce.fr\/wp-content\/uploads\/2026\/01\/OIP-1.jpg\" alt=\"\" class=\"has-border-color has-contrast-border-color wp-image-50\" srcset=\"https:\/\/wp03.btsndrc-ifce.fr\/wp-content\/uploads\/2026\/01\/OIP-1.jpg 335w, https:\/\/wp03.btsndrc-ifce.fr\/wp-content\/uploads\/2026\/01\/OIP-1-300x245.jpg 300w\" sizes=\"auto, (max-width: 335px) 100vw, 335px\" \/><\/figure>\n<\/div>\n<\/div>\n\n\n\n<hr class=\"wp-block-separator has-alpha-channel-opacity\"\/>\n\n\n\n<div class=\"wp-block-columns is-layout-flex wp-container-core-columns-is-layout-28f84493 wp-block-columns-is-layout-flex\">\n<div class=\"wp-block-column is-layout-flow wp-block-column-is-layout-flow\">\n<p>Titre du bloc<\/p>\n\n\n\n<p class=\"has-small-font-size\">Un texte et son paragraphe<\/p>\n\n\n\n<div class=\"wp-block-buttons is-layout-flex wp-block-buttons-is-layout-flex\">\n<div class=\"wp-block-button is-style-outline is-style-outline--2\"><a class=\"wp-block-button__link has-accent-1-background-color has-background wp-element-button\" style=\"border-style:none;border-width:0px;border-top-left-radius:3px;border-top-right-radius:3px;border-bottom-left-radius:3px;border-bottom-right-radius:3px\">En savoir plus<\/a><\/div>\n<\/div>\n<\/div>\n\n\n\n<div class=\"wp-block-column is-layout-flow wp-block-column-is-layout-flow\"><\/div>\n\n\n\n<div class=\"wp-block-column is-layout-flow wp-block-column-is-layout-flow\">\n<figure class=\"wp-block-image size-full\"><img loading=\"lazy\" decoding=\"async\" width=\"248\" height=\"274\" src=\"https:\/\/wp03.btsndrc-ifce.fr\/wp-content\/uploads\/2026\/01\/OIP-2.jpg\" alt=\"\" class=\"wp-image-51\"\/><\/figure>\n<\/div>\n<\/div>\n\n\n\n<hr class=\"wp-block-separator has-alpha-channel-opacity\"\/>\n\n\n\n<h3 class=\"wp-block-heading\">Galerie<\/h3>\n\n\n\n<hr class=\"wp-block-separator has-alpha-channel-opacity\"\/>\n\n\n\n<figure class=\"wp-block-gallery has-nested-images columns-4 is-cropped wp-block-gallery-3 is-layout-flex wp-block-gallery-is-layout-flex\">\n<figure class=\"wp-block-image size-full\"><img loading=\"lazy\" decoding=\"async\" width=\"305\" height=\"274\" data-id=\"63\" src=\"https:\/\/wp03.btsndrc-ifce.fr\/wp-content\/uploads\/2026\/01\/OIP-3-1.jpg\" alt=\"\" class=\"wp-image-63\" style=\"aspect-ratio:1\" srcset=\"https:\/\/wp03.btsndrc-ifce.fr\/wp-content\/uploads\/2026\/01\/OIP-3-1.jpg 305w, https:\/\/wp03.btsndrc-ifce.fr\/wp-content\/uploads\/2026\/01\/OIP-3-1-300x270.jpg 300w\" sizes=\"auto, (max-width: 305px) 100vw, 305px\" \/><\/figure>\n\n\n\n<figure class=\"wp-block-image size-large\"><img loading=\"lazy\" decoding=\"async\" width=\"318\" height=\"274\" data-id=\"69\" src=\"https:\/\/wp03.btsndrc-ifce.fr\/wp-content\/uploads\/2026\/01\/OIP-7.jpg\" alt=\"\" class=\"wp-image-69\" style=\"aspect-ratio:1\" srcset=\"https:\/\/wp03.btsndrc-ifce.fr\/wp-content\/uploads\/2026\/01\/OIP-7.jpg 318w, https:\/\/wp03.btsndrc-ifce.fr\/wp-content\/uploads\/2026\/01\/OIP-7-300x258.jpg 300w\" sizes=\"auto, (max-width: 318px) 100vw, 318px\" \/><\/figure>\n\n\n\n<figure class=\"wp-block-image size-large\"><img loading=\"lazy\" decoding=\"async\" width=\"314\" height=\"274\" data-id=\"70\" src=\"https:\/\/wp03.btsndrc-ifce.fr\/wp-content\/uploads\/2026\/01\/OIP-4-2.jpg\" alt=\"\" class=\"wp-image-70\" style=\"aspect-ratio:1\" srcset=\"https:\/\/wp03.btsndrc-ifce.fr\/wp-content\/uploads\/2026\/01\/OIP-4-2.jpg 314w, https:\/\/wp03.btsndrc-ifce.fr\/wp-content\/uploads\/2026\/01\/OIP-4-2-300x262.jpg 300w\" sizes=\"auto, (max-width: 314px) 100vw, 314px\" \/><\/figure>\n\n\n\n<figure class=\"wp-block-image size-large\"><img loading=\"lazy\" decoding=\"async\" width=\"314\" height=\"274\" data-id=\"64\" src=\"https:\/\/wp03.btsndrc-ifce.fr\/wp-content\/uploads\/2026\/01\/OIP-4-1.jpg\" alt=\"\" class=\"wp-image-64\" style=\"aspect-ratio:1\" srcset=\"https:\/\/wp03.btsndrc-ifce.fr\/wp-content\/uploads\/2026\/01\/OIP-4-1.jpg 314w, https:\/\/wp03.btsndrc-ifce.fr\/wp-content\/uploads\/2026\/01\/OIP-4-1-300x262.jpg 300w\" sizes=\"auto, (max-width: 314px) 100vw, 314px\" \/><\/figure>\n\n\n\n<figure class=\"wp-block-image size-large\"><img loading=\"lazy\" decoding=\"async\" width=\"1024\" height=\"683\" data-id=\"55\" src=\"https:\/\/wp03.btsndrc-ifce.fr\/wp-content\/uploads\/2026\/01\/642d73f6e2d90c5483606bef_Cascades-des-Tufs_prairy_rochagneux-1024x683.jpg\" alt=\"\" class=\"wp-image-55\" style=\"aspect-ratio:1\" srcset=\"https:\/\/wp03.btsndrc-ifce.fr\/wp-content\/uploads\/2026\/01\/642d73f6e2d90c5483606bef_Cascades-des-Tufs_prairy_rochagneux-1024x683.jpg 1024w, https:\/\/wp03.btsndrc-ifce.fr\/wp-content\/uploads\/2026\/01\/642d73f6e2d90c5483606bef_Cascades-des-Tufs_prairy_rochagneux-300x200.jpg 300w, https:\/\/wp03.btsndrc-ifce.fr\/wp-content\/uploads\/2026\/01\/642d73f6e2d90c5483606bef_Cascades-des-Tufs_prairy_rochagneux-768x512.jpg 768w, https:\/\/wp03.btsndrc-ifce.fr\/wp-content\/uploads\/2026\/01\/642d73f6e2d90c5483606bef_Cascades-des-Tufs_prairy_rochagneux-1536x1024.jpg 1536w, https:\/\/wp03.btsndrc-ifce.fr\/wp-content\/uploads\/2026\/01\/642d73f6e2d90c5483606bef_Cascades-des-Tufs_prairy_rochagneux-2048x1366.jpg 2048w\" sizes=\"auto, (max-width: 1024px) 100vw, 1024px\" \/><\/figure>\n\n\n\n<figure class=\"wp-block-image size-large\"><img loading=\"lazy\" decoding=\"async\" width=\"318\" height=\"274\" data-id=\"49\" src=\"https:\/\/wp03.btsndrc-ifce.fr\/wp-content\/uploads\/2026\/01\/OIP.jpg\" alt=\"\" class=\"wp-image-49\" style=\"aspect-ratio:1\" srcset=\"https:\/\/wp03.btsndrc-ifce.fr\/wp-content\/uploads\/2026\/01\/OIP.jpg 318w, https:\/\/wp03.btsndrc-ifce.fr\/wp-content\/uploads\/2026\/01\/OIP-300x258.jpg 300w\" sizes=\"auto, (max-width: 318px) 100vw, 318px\" \/><\/figure>\n\n\n\n<figure class=\"wp-block-image size-large\"><img loading=\"lazy\" decoding=\"async\" width=\"318\" height=\"274\" data-id=\"57\" src=\"https:\/\/wp03.btsndrc-ifce.fr\/wp-content\/uploads\/2026\/01\/OIP-6.jpg\" alt=\"\" class=\"wp-image-57\" style=\"aspect-ratio:1\" srcset=\"https:\/\/wp03.btsndrc-ifce.fr\/wp-content\/uploads\/2026\/01\/OIP-6.jpg 318w, https:\/\/wp03.btsndrc-ifce.fr\/wp-content\/uploads\/2026\/01\/OIP-6-300x258.jpg 300w\" sizes=\"auto, (max-width: 318px) 100vw, 318px\" \/><\/figure>\n\n\n\n<figure class=\"wp-block-image size-large\"><img loading=\"lazy\" decoding=\"async\" width=\"335\" height=\"274\" data-id=\"62\" src=\"https:\/\/wp03.btsndrc-ifce.fr\/wp-content\/uploads\/2026\/01\/OIP-1-1.jpg\" alt=\"\" class=\"wp-image-62\" style=\"aspect-ratio:1\" srcset=\"https:\/\/wp03.btsndrc-ifce.fr\/wp-content\/uploads\/2026\/01\/OIP-1-1.jpg 335w, https:\/\/wp03.btsndrc-ifce.fr\/wp-content\/uploads\/2026\/01\/OIP-1-1-300x245.jpg 300w\" sizes=\"auto, (max-width: 335px) 100vw, 335px\" \/><\/figure>\n<\/figure>\n\n\n\n<hr class=\"wp-block-separator has-alpha-channel-opacity\"\/>\n\n\n\n<h2 class=\"wp-block-heading\">Nos points forts<\/h2>\n\n\n\n<hr class=\"wp-block-separator has-alpha-channel-opacity\"\/>\n\n\n\n<div class=\"wp-block-columns is-layout-flex wp-container-core-columns-is-layout-28f84493 wp-block-columns-is-layout-flex\">\n<div class=\"wp-block-column is-layout-flow wp-block-column-is-layout-flow\">\n<div class=\"wp-block-columns is-layout-flex wp-container-core-columns-is-layout-28f84493 wp-block-columns-is-layout-flex\">\n<div class=\"wp-block-column is-layout-flow wp-block-column-is-layout-flow\" style=\"flex-basis:0\">\n<div class=\"wp-block-font-awesome-icon wp-font-awesome-icon\" style=\"padding-top:0;padding-right:var(--wp--preset--spacing--30);padding-bottom:0;padding-left:var(--wp--preset--spacing--30)\"><svg aria-hidden=\"true\" focusable=\"false\" data-prefix=\"fas\" data-icon=\"gear\" class=\"svg-inline--fa fa-gear fa-flip \" role=\"img\" xmlns=\"http:\/\/www.w3.org\/2000\/svg\" viewBox=\"0 0 512 512\" color=\"#503AA8\"><path fill=\"currentColor\" d=\"M195.1 9.5C198.1-5.3 211.2-16 226.4-16l59.8 0c15.2 0 28.3 10.7 31.3 25.5L332 79.5c14.1 6 27.3 13.7 39.3 22.8l67.8-22.5c14.4-4.8 30.2 1.2 37.8 14.4l29.9 51.8c7.6 13.2 4.9 29.8-6.5 39.9L447 233.3c.9 7.4 1.3 15 1.3 22.7s-.5 15.3-1.3 22.7l53.4 47.5c11.4 10.1 14 26.8 6.5 39.9l-29.9 51.8c-7.6 13.1-23.4 19.2-37.8 14.4l-67.8-22.5c-12.1 9.1-25.3 16.7-39.3 22.8l-14.4 69.9c-3.1 14.9-16.2 25.5-31.3 25.5l-59.8 0c-15.2 0-28.3-10.7-31.3-25.5l-14.4-69.9c-14.1-6-27.2-13.7-39.3-22.8L73.5 432.3c-14.4 4.8-30.2-1.2-37.8-14.4L5.8 366.1c-7.6-13.2-4.9-29.8 6.5-39.9l53.4-47.5c-.9-7.4-1.3-15-1.3-22.7s.5-15.3 1.3-22.7L12.3 185.8c-11.4-10.1-14-26.8-6.5-39.9L35.7 94.1c7.6-13.2 23.4-19.2 37.8-14.4l67.8 22.5c12.1-9.1 25.3-16.7 39.3-22.8L195.1 9.5zM256.3 336a80 80 0 1 0 -.6-160 80 80 0 1 0 .6 160z\"><\/path><\/svg><\/div>\n<\/div>\n\n\n\n<div class=\"wp-block-column has-small-font-size is-layout-flow wp-block-column-is-layout-flow\">\n<h2 class=\"wp-block-heading\" style=\"font-size:8px\">Expertise<\/h2>\n\n\n\n<p style=\"font-size:8px\">Des solutions adopt\u00e9 a votre besoins<\/p>\n<\/div>\n\n\n\n<div class=\"wp-block-column is-layout-flow wp-container-core-column-is-layout-f751d6c2 wp-block-column-is-layout-flow\">\n<div class=\"wp-block-font-awesome-icon wp-font-awesome-icon\" style=\"margin-top:0;margin-right:var(--wp--preset--spacing--50);margin-bottom:0;margin-left:var(--wp--preset--spacing--50);padding-top:-10px;padding-bottom:-10px\"><svg aria-hidden=\"true\" focusable=\"false\" data-prefix=\"fas\" data-icon=\"square-check\" class=\"svg-inline--fa fa-square-check fa-bounce \" role=\"img\" xmlns=\"http:\/\/www.w3.org\/2000\/svg\" viewBox=\"0 0 448 512\" color=\"#503AA8\"><path fill=\"currentColor\" d=\"M384 32c35.3 0 64 28.7 64 64l0 320c0 35.3-28.7 64-64 64L64 480c-35.3 0-64-28.7-64-64L0 96C0 60.7 28.7 32 64 32l320 0zM342 145.7c-10.7-7.8-25.7-5.4-33.5 5.3L189.1 315.2 137 263.1c-9.4-9.4-24.6-9.4-33.9 0s-9.4 24.6 0 33.9l72 72c5 5 11.9 7.5 18.8 7s13.4-4.1 17.5-9.8L347.3 179.2c7.8-10.7 5.4-25.7-5.3-33.5z\"><\/path><\/svg><\/div>\n<\/div>\n\n\n\n<div class=\"wp-block-column is-layout-flow wp-block-column-is-layout-flow\">\n<h2 class=\"wp-block-heading\" style=\"font-size:10px\">Qualit\u00e9<\/h2>\n\n\n\n<p style=\"font-size:10px\">Fiable et efficace<\/p>\n<\/div>\n\n\n\n<div class=\"wp-block-column is-layout-flow wp-block-column-is-layout-flow\">\n<div class=\"wp-block-font-awesome-icon wp-font-awesome-icon\" style=\"padding-right:var(--wp--preset--spacing--40);padding-left:var(--wp--preset--spacing--40)\"><svg aria-hidden=\"true\" focusable=\"false\" data-prefix=\"fas\" data-icon=\"rocket\" class=\"svg-inline--fa fa-rocket fa-beat \" role=\"img\" xmlns=\"http:\/\/www.w3.org\/2000\/svg\" viewBox=\"0 0 512 512\" style=\"font-size:1em\" color=\"#503AA8\"><path fill=\"currentColor\" d=\"M128 320L24.5 320c-24.9 0-40.2-27.1-27.4-48.5L50 183.3C58.7 168.8 74.3 160 91.2 160l95 0c76.1-128.9 189.6-135.4 265.5-124.3 12.8 1.9 22.8 11.9 24.6 24.6 11.1 75.9 4.6 189.4-124.3 265.5l0 95c0 16.9-8.8 32.5-23.3 41.2l-88.2 52.9c-21.3 12.8-48.5-2.6-48.5-27.4L192 384c0-35.3-28.7-64-64-64l-.1 0zM400 160a48 48 0 1 0 -96 0 48 48 0 1 0 96 0z\"><\/path><\/svg><\/div>\n<\/div>\n\n\n\n<div class=\"wp-block-column is-layout-flow wp-block-column-is-layout-flow\">\n<h4 class=\"wp-block-heading\" style=\"font-size:9px\">Performance<\/h4>\n\n\n\n<p style=\"font-size:9px\">Des solutions rapides<\/p>\n<\/div>\n\n\n\n<div class=\"wp-block-column is-layout-flow wp-block-column-is-layout-flow\">\n<div class=\"wp-block-font-awesome-icon wp-font-awesome-icon\" style=\"padding-right:var(--wp--preset--spacing--50);padding-left:var(--wp--preset--spacing--50)\"><svg aria-hidden=\"true\" focusable=\"false\" data-prefix=\"fas\" data-icon=\"shield-halved\" class=\"svg-inline--fa fa-shield-halved fa-spin fa-spin-reverse \" role=\"img\" xmlns=\"http:\/\/www.w3.org\/2000\/svg\" viewBox=\"0 0 512 512\" color=\"#503AA8\"><path fill=\"currentColor\" d=\"M256 0c4.6 0 9.2 1 13.4 2.9L457.8 82.8c22 9.3 38.4 31 38.3 57.2-.5 99.2-41.3 280.7-213.6 363.2-16.7 8-36.1 8-52.8 0-172.4-82.5-213.1-264-213.6-363.2-.1-26.2 16.3-47.9 38.3-57.2L242.7 2.9C246.9 1 251.4 0 256 0zm0 66.8l0 378.1c138-66.8 175.1-214.8 176-303.4l-176-74.6 0 0z\"><\/path><\/svg><\/div>\n<\/div>\n\n\n\n<div class=\"wp-block-column is-layout-flow wp-block-column-is-layout-flow\">\n<h2 class=\"wp-block-heading\" style=\"font-size:10px\">Fiabilit\u00e9<\/h2>\n\n\n\n<p style=\"font-size:10px\">Votre  satisfaction, notre priorit\u00e9 <\/p>\n<\/div>\n<\/div>\n<\/div>\n<\/div>\n\n\n\n<hr class=\"wp-block-separator has-alpha-channel-opacity\"\/>\n\n\n\n<p><\/p>\n","protected":false},"excerpt":{"rendered":"<p>Introduction Bienvenue sur cette page mod\u00e8le. elle repr\u00e9sente les blocs essentiels \u00e0 utiliser sur WordPress: titre, texte, tableaux, citations, colonnes, galeries, et ic\u00f4nes &#8220;Une page claire, c&#8217;est une page qui guide l&#8217;utilisateur sans le faire r\u00e9fl\u00e9chir&#8221; Sous-parties un sous-titre Ici, tu peux ajouter un paragraphe classique pour d\u00e9velopper une id\u00e9e, pr\u00e9senter une offre ou expliquer [&hellip;]<\/p>\n","protected":false},"author":1,"featured_media":0,"parent":0,"menu_order":0,"comment_status":"closed","ping_status":"closed","template":"","meta":{"footnotes":""},"class_list":["post-46","page","type-page","status-publish","hentry"],"_links":{"self":[{"href":"https:\/\/wp03.btsndrc-ifce.fr\/index.php?rest_route=\/wp\/v2\/pages\/46","targetHints":{"allow":["GET"]}}],"collection":[{"href":"https:\/\/wp03.btsndrc-ifce.fr\/index.php?rest_route=\/wp\/v2\/pages"}],"about":[{"href":"https:\/\/wp03.btsndrc-ifce.fr\/index.php?rest_route=\/wp\/v2\/types\/page"}],"author":[{"embeddable":true,"href":"https:\/\/wp03.btsndrc-ifce.fr\/index.php?rest_route=\/wp\/v2\/users\/1"}],"replies":[{"embeddable":true,"href":"https:\/\/wp03.btsndrc-ifce.fr\/index.php?rest_route=%2Fwp%2Fv2%2Fcomments&post=46"}],"version-history":[{"count":11,"href":"https:\/\/wp03.btsndrc-ifce.fr\/index.php?rest_route=\/wp\/v2\/pages\/46\/revisions"}],"predecessor-version":[{"id":84,"href":"https:\/\/wp03.btsndrc-ifce.fr\/index.php?rest_route=\/wp\/v2\/pages\/46\/revisions\/84"}],"wp:attachment":[{"href":"https:\/\/wp03.btsndrc-ifce.fr\/index.php?rest_route=%2Fwp%2Fv2%2Fmedia&parent=46"}],"curies":[{"name":"wp","href":"https:\/\/api.w.org\/{rel}","templated":true}]}}